{"id":988252,"date":"2024-02-26T13:49:08","date_gmt":"2024-02-26T12:49:08","guid":{"rendered":"https:\/\/repak.it\/?post_type=product&#038;p=988252"},"modified":"2024-11-28T15:52:28","modified_gmt":"2024-11-28T14:52:28","slug":"unipak-r","status":"publish","type":"product","link":"https:\/\/repak.it\/en\/prodotto\/unipak-r\/","title":{"rendered":"UniPak"},"content":{"rendered":"<div class=\"vgblk-rw-wrapper limit-wrapper\">\n<h4>Descrizione<\/h4>\n<hr \/>\n<h5><strong>Una soluzione popolare e cost-efficient<\/strong><\/h5>\n<p>Se state cercando una forma quadrata, rettangolare, rotonda o ovale \u00e8 molto probabile che troviate quello che volete nella nostra gamma UniPak. Mantiene bassi i costi: vasi diversi con coperchi dello stesso diametro,in modo da tenere solo un tipo di coperchio per un\u203aampia gamma di formati. Con UniPak, non occorre reinventare nulla: La soluzione di packaging flessibile \u00e8 a portata di mano.<\/p>\n<h5><strong>Aumenta il tuo spazio<\/strong><\/h5>\n<p>UniPak \u00e8 progettato in modo intelligente per consentire di ottimizzare l\u2019uso di ogni singolo pallet, riducendo i costi di magazzino. Sulla linea di riempimento, UniPak resiste sia al riempimento a caldo, che alla surgelazione. Durante il trasporto, il collare di protezione protegge il coperchio UniPak e migliora la stabilit\u00e0 dei secchielli.<\/p>\n<h5><strong>In-Mould Labelling evidenzia maggiormente il vostro marchio<\/strong><\/h5>\n<p>La superficie del contenitore offre la massima possibilit\u00e0 decorativa, per presentare nel modo pi\u00f9 efficace e accattivante possibile il vostro marchio &#8211; con un\u2019immagine unica per una variet\u00e0 di forme e dimensioni. Combinazioni di colori vivaci, testi e immagini fotografiche &#8211; le possibilit\u00e0 sono infinite sul coperchio e sui lati. Per alcuni formati, anche il fondo pu\u00f2 essere utilizzato per la comunicazione con i consumatori. Sfruttate al meglio il vostro brand con la tecnologia In-Mould Labelling!<\/p>\n<h5><strong>Prova la combinazione!<\/strong><\/h5>\n<p>Usare UniPak per unire due diversi elementi in una confezione con un inserto. In questo modo \u00e8 possibile vendere delle combinazioni interessanti e pratiche di due prodotti in un unico imballaggio, realizzato da un unico materiale. Potrebbe essere uno yogurt cremoso con aggiunta di cereali croccanti oppure viti e tasselli &#8211; UniPak \u00e8 multiuso.<\/p>\n<h5><strong>Famiglia allargata con SuperLift\u00ae<\/strong><\/h5>\n<p>Se i clienti vogliono il prodotto in una gamma molto ampia di formati, \u00e8 possibile combinare la serie UniPak con la sua sorella maggiore, SuperLift\u00ae, una gamma di maggiori dimensioni. Il design di entrambi \u00e8 molto simile, creando la famiglia di contenitori pi\u00f9 grande d\u203aEuropa packaging: da 120 ml a 22 litri.<\/p>\n<p style=\"display: none;\">5610 5631 5632 5630 908 5531 905 907<\/p>\n<\/div>\n<p><!-- .vgblk-rw-wrapper --><\/p>\n","protected":false},"excerpt":{"rendered":"[sic_search]\n<h4>UniPak \u00e8 disponibile in una grande variet\u00e0 di forme e dimensioni, la gamma \u00e8 probabilmente la pi\u00f9 ampia nel mercato europeo. Si tratta di una soluzione classica e molto flessibile per un\u2019ampia variet\u00e0 di applicazioni.<\/h4>\n<p>&nbsp;<\/p>\n<p><strong>Caratteristiche tecniche:<\/strong><\/p>\n<ul>\n<li>Collare di protezione<\/li>\n<li>Resiste al riempimento a caldo e alla surgelazione<\/li>\n<li>Disponibile in versione rotonda, rettangolare, ovale e quadrata<\/li>\n<li>Ampia gamma di formati standard<\/li>\n<li>Lo stesso coperchio si adatta a pi\u00f9 volumi<\/li>\n<li>Opzioni di decorazione eccellenti con la tecnologia In-Mould Labelling<\/li>\n<li>Tenuta liquidi, coperchio a scatto<\/li>\n<li>Sigillo anti manomissione standard<\/li>\n<li>Opzione Inserto<\/li>\n<\/ul>\n<p>&nbsp;<\/p>\n<p><a class=\"vamtam-button accent1 hover-accent2 button-solid icon-animation-disable\" style=\"font-size: 16px; line-height: 18px; padding: 16px 32px;\" role=\"button\" href=\"https:\/\/repak.it\/wp-content\/uploads\/UniPak_150dpi_IT.pdf\" target=\"_blank\" rel=\"noopener\"><span class=\"vamtam-button-text\">Scarica brochure<\/span><i class=\"vamtam-button-icon vamtam-button-icon-after fas fa-file-pdf\"><\/i><\/a> <a class=\"vamtam-button accent1 hover-accent2 button-solid icon-animation-disable\" style=\"font-size: 16px; line-height: 18px; padding: 16px 32px;\" role=\"button\" href=\"#tab-versioni-disponibili\" rel=\"noopener\"><span class=\"vamtam-button-text\">Versioni disponibili<\/span><i class=\"vamtam-button-icon vamtam-button-icon-after fas fa-list-ul\"><\/i><\/a><\/p>\n","protected":false},"featured_media":988369,"template":"","meta":{"inline_featured_image":false},"product_brand":[],"product_cat":[134],"product_tag":[],"class_list":{"0":"post-988252","1":"product","2":"type-product","3":"status-publish","4":"has-post-thumbnail","6":"product_cat-rettangolare","8":"first","9":"instock","10":"shipping-taxable","11":"product-type-simple"},"yoast_head":"<!-- This site is optimized with the Yoast SEO plugin v27.1.1 - https:\/\/yoast.com\/product\/yoast-seo-wordpress\/ -->\n<title>UniPak - REPAK<\/title>\n<meta name=\"robots\" content=\"index, follow, max-snippet:-1, max-image-preview:large, max-video-preview:-1\" \/>\n<link rel=\"canonical\" href=\"https:\/\/repak.it\/prodotto\/unipak-r\/\" \/>\n<meta property=\"og:locale\" content=\"en_US\" \/>\n<meta property=\"og:type\" content=\"article\" \/>\n<meta property=\"og:title\" content=\"UniPak - REPAK\" \/>\n<meta property=\"og:description\" content=\"UniPak \u00e8 disponibile in una grande variet\u00e0 di forme e dimensioni, la gamma \u00e8 probabilmente la pi\u00f9 ampia nel mercato europeo. Si tratta di una soluzione classica e molto flessibile per un\u2019ampia variet\u00e0 di applicazioni. &nbsp;  Caratteristiche tecniche:   Collare di protezione  Resiste al riempimento a caldo e alla surgelazione  Disponibile in versione rotonda, rettangolare, ovale e quadrata  Ampia gamma di formati standard  Lo stesso coperchio si adatta a pi\u00f9 volumi  Opzioni di decorazione eccellenti con la tecnologia In-Mould Labelling  Tenuta liquidi, coperchio a scatto  Sigillo anti manomissione standard  Opzione Inserto  &nbsp;  Scarica brochure Versioni disponibili\" \/>\n<meta property=\"og:url\" content=\"https:\/\/repak.it\/prodotto\/unipak-r\/\" \/>\n<meta property=\"og:site_name\" content=\"REPAK\" \/>\n<meta property=\"article:publisher\" content=\"https:\/\/www.facebook.com\/repaksrl\/\" \/>\n<meta property=\"article:modified_time\" content=\"2024-11-28T14:52:28+00:00\" \/>\n<meta property=\"og:image\" content=\"https:\/\/repak.it\/wp-content\/uploads\/unipak-rettangolare.webp\" \/>\n\t<meta property=\"og:image:width\" content=\"1500\" \/>\n\t<meta property=\"og:image:height\" content=\"1500\" \/>\n\t<meta property=\"og:image:type\" content=\"image\/webp\" \/>\n<meta name=\"twitter:card\" content=\"summary_large_image\" \/>\n<meta name=\"twitter:label1\" content=\"Est. reading time\" \/>\n\t<meta name=\"twitter:data1\" content=\"2 minutes\" \/>\n<script type=\"application\/ld+json\" class=\"yoast-schema-graph\">{\"@context\":\"https:\/\/schema.org\",\"@graph\":[{\"@type\":\"WebPage\",\"@id\":\"https:\/\/repak.it\/prodotto\/unipak-r\/\",\"url\":\"https:\/\/repak.it\/prodotto\/unipak-r\/\",\"name\":\"UniPak - REPAK\",\"isPartOf\":{\"@id\":\"https:\/\/repak.it\/#website\"},\"primaryImageOfPage\":{\"@id\":\"https:\/\/repak.it\/prodotto\/unipak-r\/#primaryimage\"},\"image\":{\"@id\":\"https:\/\/repak.it\/prodotto\/unipak-r\/#primaryimage\"},\"thumbnailUrl\":\"https:\/\/repak.it\/wp-content\/uploads\/unipak-rettangolare.webp\",\"datePublished\":\"2024-02-26T12:49:08+00:00\",\"dateModified\":\"2024-11-28T14:52:28+00:00\",\"breadcrumb\":{\"@id\":\"https:\/\/repak.it\/prodotto\/unipak-r\/#breadcrumb\"},\"inLanguage\":\"en-US\",\"potentialAction\":[{\"@type\":\"ReadAction\",\"target\":[\"https:\/\/repak.it\/prodotto\/unipak-r\/\"]}]},{\"@type\":\"ImageObject\",\"inLanguage\":\"en-US\",\"@id\":\"https:\/\/repak.it\/prodotto\/unipak-r\/#primaryimage\",\"url\":\"https:\/\/repak.it\/wp-content\/uploads\/unipak-rettangolare.webp\",\"contentUrl\":\"https:\/\/repak.it\/wp-content\/uploads\/unipak-rettangolare.webp\",\"width\":1500,\"height\":1500},{\"@type\":\"BreadcrumbList\",\"@id\":\"https:\/\/repak.it\/prodotto\/unipak-r\/#breadcrumb\",\"itemListElement\":[{\"@type\":\"ListItem\",\"position\":1,\"name\":\"Home\",\"item\":\"https:\/\/repak.it\/\"},{\"@type\":\"ListItem\",\"position\":2,\"name\":\"Shop\",\"item\":\"https:\/\/repak.it\/prodotti\/\"},{\"@type\":\"ListItem\",\"position\":3,\"name\":\"UniPak\"}]},{\"@type\":\"WebSite\",\"@id\":\"https:\/\/repak.it\/#website\",\"url\":\"https:\/\/repak.it\/\",\"name\":\"REPAK\",\"description\":\"The Right Packaging\",\"publisher\":{\"@id\":\"https:\/\/repak.it\/#organization\"},\"potentialAction\":[{\"@type\":\"SearchAction\",\"target\":{\"@type\":\"EntryPoint\",\"urlTemplate\":\"https:\/\/repak.it\/?s={search_term_string}\"},\"query-input\":{\"@type\":\"PropertyValueSpecification\",\"valueRequired\":true,\"valueName\":\"search_term_string\"}}],\"inLanguage\":\"en-US\"},{\"@type\":\"Organization\",\"@id\":\"https:\/\/repak.it\/#organization\",\"name\":\"Repak S.r.l.\",\"alternateName\":\"Repak\",\"url\":\"https:\/\/repak.it\/\",\"logo\":{\"@type\":\"ImageObject\",\"inLanguage\":\"en-US\",\"@id\":\"https:\/\/repak.it\/#\/schema\/logo\/image\/\",\"url\":\"https:\/\/repak.it\/wp-content\/uploads\/2024\/02\/Repak_Logo.webp\",\"contentUrl\":\"https:\/\/repak.it\/wp-content\/uploads\/2024\/02\/Repak_Logo.webp\",\"width\":452,\"height\":208,\"caption\":\"Repak S.r.l.\"},\"image\":{\"@id\":\"https:\/\/repak.it\/#\/schema\/logo\/image\/\"},\"sameAs\":[\"https:\/\/www.facebook.com\/repaksrl\/\"]}]}<\/script>\n<!-- \/ Yoast SEO plugin. -->","yoast_head_json":{"title":"UniPak - REPAK","robots":{"index":"index","follow":"follow","max-snippet":"max-snippet:-1","max-image-preview":"max-image-preview:large","max-video-preview":"max-video-preview:-1"},"canonical":"https:\/\/repak.it\/prodotto\/unipak-r\/","og_locale":"en_US","og_type":"article","og_title":"UniPak - REPAK","og_description":"UniPak \u00e8 disponibile in una grande variet\u00e0 di forme e dimensioni, la gamma \u00e8 probabilmente la pi\u00f9 ampia nel mercato europeo. Si tratta di una soluzione classica e molto flessibile per un\u2019ampia variet\u00e0 di applicazioni. &nbsp;  Caratteristiche tecniche:   Collare di protezione  Resiste al riempimento a caldo e alla surgelazione  Disponibile in versione rotonda, rettangolare, ovale e quadrata  Ampia gamma di formati standard  Lo stesso coperchio si adatta a pi\u00f9 volumi  Opzioni di decorazione eccellenti con la tecnologia In-Mould Labelling  Tenuta liquidi, coperchio a scatto  Sigillo anti manomissione standard  Opzione Inserto  &nbsp;  Scarica brochure Versioni disponibili","og_url":"https:\/\/repak.it\/prodotto\/unipak-r\/","og_site_name":"REPAK","article_publisher":"https:\/\/www.facebook.com\/repaksrl\/","article_modified_time":"2024-11-28T14:52:28+00:00","og_image":[{"width":1500,"height":1500,"url":"https:\/\/repak.it\/wp-content\/uploads\/unipak-rettangolare.webp","type":"image\/webp"}],"twitter_card":"summary_large_image","twitter_misc":{"Est. reading time":"2 minutes"},"schema":{"@context":"https:\/\/schema.org","@graph":[{"@type":"WebPage","@id":"https:\/\/repak.it\/prodotto\/unipak-r\/","url":"https:\/\/repak.it\/prodotto\/unipak-r\/","name":"UniPak - REPAK","isPartOf":{"@id":"https:\/\/repak.it\/#website"},"primaryImageOfPage":{"@id":"https:\/\/repak.it\/prodotto\/unipak-r\/#primaryimage"},"image":{"@id":"https:\/\/repak.it\/prodotto\/unipak-r\/#primaryimage"},"thumbnailUrl":"https:\/\/repak.it\/wp-content\/uploads\/unipak-rettangolare.webp","datePublished":"2024-02-26T12:49:08+00:00","dateModified":"2024-11-28T14:52:28+00:00","breadcrumb":{"@id":"https:\/\/repak.it\/prodotto\/unipak-r\/#breadcrumb"},"inLanguage":"en-US","potentialAction":[{"@type":"ReadAction","target":["https:\/\/repak.it\/prodotto\/unipak-r\/"]}]},{"@type":"ImageObject","inLanguage":"en-US","@id":"https:\/\/repak.it\/prodotto\/unipak-r\/#primaryimage","url":"https:\/\/repak.it\/wp-content\/uploads\/unipak-rettangolare.webp","contentUrl":"https:\/\/repak.it\/wp-content\/uploads\/unipak-rettangolare.webp","width":1500,"height":1500},{"@type":"BreadcrumbList","@id":"https:\/\/repak.it\/prodotto\/unipak-r\/#breadcrumb","itemListElement":[{"@type":"ListItem","position":1,"name":"Home","item":"https:\/\/repak.it\/"},{"@type":"ListItem","position":2,"name":"Shop","item":"https:\/\/repak.it\/prodotti\/"},{"@type":"ListItem","position":3,"name":"UniPak"}]},{"@type":"WebSite","@id":"https:\/\/repak.it\/#website","url":"https:\/\/repak.it\/","name":"REPAK","description":"The Right Packaging","publisher":{"@id":"https:\/\/repak.it\/#organization"},"potentialAction":[{"@type":"SearchAction","target":{"@type":"EntryPoint","urlTemplate":"https:\/\/repak.it\/?s={search_term_string}"},"query-input":{"@type":"PropertyValueSpecification","valueRequired":true,"valueName":"search_term_string"}}],"inLanguage":"en-US"},{"@type":"Organization","@id":"https:\/\/repak.it\/#organization","name":"Repak S.r.l.","alternateName":"Repak","url":"https:\/\/repak.it\/","logo":{"@type":"ImageObject","inLanguage":"en-US","@id":"https:\/\/repak.it\/#\/schema\/logo\/image\/","url":"https:\/\/repak.it\/wp-content\/uploads\/2024\/02\/Repak_Logo.webp","contentUrl":"https:\/\/repak.it\/wp-content\/uploads\/2024\/02\/Repak_Logo.webp","width":452,"height":208,"caption":"Repak S.r.l."},"image":{"@id":"https:\/\/repak.it\/#\/schema\/logo\/image\/"},"sameAs":["https:\/\/www.facebook.com\/repaksrl\/"]}]}},"jetpack_sharing_enabled":true,"_links":{"self":[{"href":"https:\/\/repak.it\/en\/wp-json\/wp\/v2\/product\/988252","targetHints":{"allow":["GET"]}}],"collection":[{"href":"https:\/\/repak.it\/en\/wp-json\/wp\/v2\/product"}],"about":[{"href":"https:\/\/repak.it\/en\/wp-json\/wp\/v2\/types\/product"}],"wp:featuredmedia":[{"embeddable":true,"href":"https:\/\/repak.it\/en\/wp-json\/wp\/v2\/media\/988369"}],"wp:attachment":[{"href":"https:\/\/repak.it\/en\/wp-json\/wp\/v2\/media?parent=988252"}],"wp:term":[{"taxonomy":"product_brand","embeddable":true,"href":"https:\/\/repak.it\/en\/wp-json\/wp\/v2\/product_brand?post=988252"},{"taxonomy":"product_cat","embeddable":true,"href":"https:\/\/repak.it\/en\/wp-json\/wp\/v2\/product_cat?post=988252"},{"taxonomy":"product_tag","embeddable":true,"href":"https:\/\/repak.it\/en\/wp-json\/wp\/v2\/product_tag?post=988252"}],"curies":[{"name":"wp","href":"https:\/\/api.w.org\/{rel}","templated":true}]}}