{"id":988253,"date":"2024-02-26T13:52:13","date_gmt":"2024-02-26T12:52:13","guid":{"rendered":"https:\/\/repak.it\/?post_type=product&#038;p=988253"},"modified":"2025-07-22T14:18:50","modified_gmt":"2025-07-22T12:18:50","slug":"supercube-r","status":"publish","type":"product","link":"https:\/\/repak.it\/en\/prodotto\/supercube-r\/","title":{"rendered":"SuperCube"},"content":{"rendered":"<div class=\"vgblk-rw-wrapper limit-wrapper\">\n<h4>Descrizione<\/h4>\n<hr \/>\n<h5><strong>Un plus per la vostra logistica<\/strong><\/h5>\n<p>Ogni dettaglio \u00e8 importante quando si desidera ottenere il massimo nel magazzino e durante il trasporto. La forma della confezione \u00e8 uno di questi. Approfittate del SuperCube\u00ae quadrato \u2013 mettendo pi\u00f9 contenitori quadrati in uno spazio ristretto rispetto a quelli rotondi. Si riduce lo spazio nel magazzino e di conseguenza i costi logistici in modo intelligente e facile. Un altro punto importante \u00e8 che \u00e8 pi\u00f9 semplice da trasportare e impilare nei negozi oltre che a caricare pi\u00f9 contenitori su un pallet. SuperCube\u00ae \u00e8 particolarmente adatto per i prodotti pesanti come i materiali edili, vernici e prodotti per giardinaggio. Ovviamente e anche adatto per alimenti per animali domestici.<\/p>\n<h5><strong>Nessun problema di apertura<\/strong><\/h5>\n<p>Tutta la linea SuperCube\u00ae \u00e9 dotata di coperchi \u201cpeel-off\u201d ad apertura facilitata. Non ci sono spigoli vivi! Per alcune tipologie viene fornito anche il \u201csigillo di garanzia\u201d integrato nel corpo del contenitore. Qui, il meccanismo di apertura e il \u201csigillo di garanzia\u201d sono integrati, rendendo ancora pi\u00f9 semplice l\u2019apertura del coperchio.<\/p>\n<h5><strong>Funzionalit\u00e0 eccezionale in molti formati<\/strong><\/h5>\n<p>Comode maniglie diagonali assicurano uno svuotamento agevole, grande vantaggio sia per i professionisti che utenti finali . Si pu\u00f2 scegliere tra il manico in ferro con presa di plastica o un manico di plastica integrato nel collare. SuperCube\u00ae \u00e8 particolarmente adatto per le vernici. Per alcuni contenitori \u00e8 possibile avere una griglia integrata per il rullo, direttamente sul contenitore. Un altro optional disponibile \u00e8 il coperchio FlakeFree\u00ae per evitare che residui di vernice secca, cadano nel prodotto. Le confezioni sono disponibili in una vasta gamma di formati; da 1,1 litri 145 x 95 mm rettangolare o quadrata sino a 17 litri. Questo vi d\u00e0 la possibilit\u00e0 di lanciare prodotti con la stessa immagine in diversi volumi.<\/p>\n<h5><strong>Non \u00e8 cosa da poco<\/strong><\/h5>\n<p>La forma quadrata o rettangolare SuperCube\u00ae offre una vasta e ininterrotta area decorabile, permettendovi di pubblicizzare al meglio il prodotto, rendendolo facilmente riconoscibile sugli scaffali. Infinite possibilit\u00e0 di decorazione sono disponibili per tutte le dimensioni con la tecnologia \u201cIn-Mould Labelling\u201d. SuperCube\u00ae \u00e8 ovviamente un contenitore di plastica &#8211; ma se volete, potete anche aggiungere il tipico look del metallo. Questa opzione fornisce al contenitore un look esclusivo per i prodotti di fascia alta. La forma stessa dei contenitori render\u00e0 il vostro prodotto diverso dagli altri, se il mercato \u00e8 dominato da contenitori rotondi.<\/p>\n<p style=\"display: none;\">6011 6730 6736 826 6757 6058 6083 827 746 6109 6125 846 6140 6173<\/p>\n<\/div>\n<p><!-- .vgblk-rw-wrapper --><\/p>\n","protected":false},"excerpt":{"rendered":"[sic_search]\n<h4>SuperCube\u00ae \u00e8 un contenitore quadrato o rettangolare che ti d\u00e0 un doppio vantaggio: efficienza dello spazio e differenziazione del prodotto.<\/h4>\n<p>&nbsp;<\/p>\n<p><strong>Caratteristiche tecniche:<\/strong><\/p>\n<ul>\n<li>Ottimizzazione dello spazio<\/li>\n<li>Ampia gamma di prodotti di varie dimensioni<\/li>\n<li>Facile da aprire con il coperchio \u201cpeel-off\u201d<\/li>\n<li>Sigillo di garanzia<\/li>\n<li>Impugnatura diagonale per facilitare lo svuotamento<\/li>\n<li>Coperchio \u201c Flake Free\u201d solo per alcuni volumi specifici<\/li>\n<li>Buona visibilit\u00e0 sugli scaffali<\/li>\n<li>Decorazione \u201cMetallic Look\u201d disponibile<\/li>\n<\/ul>\n<p>&nbsp;<\/p>\n<p><a class=\"vamtam-button accent1 hover-accent2 button-solid icon-animation-disable\" style=\"font-size: 16px; line-height: 18px; padding: 16px 32px;\" role=\"button\" href=\"https:\/\/repak.it\/wp-content\/uploads\/SuperCube_150dpi_IT.pdf\" target=\"_blank\" rel=\"noopener\"><span class=\"vamtam-button-text\">Scarica brochure<\/span><i class=\"vamtam-button-icon vamtam-button-icon-after fas fa-file-pdf\"><\/i><\/a> <a class=\"vamtam-button accent1 hover-accent2 button-solid icon-animation-disable\" style=\"font-size: 16px; line-height: 18px; padding: 16px 32px;\" role=\"button\" href=\"#tab-versioni-disponibili\" rel=\"noopener\"><span class=\"vamtam-button-text\">Versioni disponibili<\/span><i class=\"vamtam-button-icon vamtam-button-icon-after fas fa-list-ul\"><\/i><\/a><\/p>\n","protected":false},"featured_media":988371,"template":"","meta":{"inline_featured_image":false},"product_brand":[],"product_cat":[134],"product_tag":[],"class_list":{"0":"post-988253","1":"product","2":"type-product","3":"status-publish","4":"has-post-thumbnail","6":"product_cat-rettangolare","8":"first","9":"instock","10":"shipping-taxable","11":"product-type-simple"},"yoast_head":"<!-- This site is optimized with the Yoast SEO plugin v27.1.1 - https:\/\/yoast.com\/product\/yoast-seo-wordpress\/ -->\n<title>SuperCube - REPAK<\/title>\n<meta name=\"robots\" content=\"index, follow, max-snippet:-1, max-image-preview:large, max-video-preview:-1\" \/>\n<link rel=\"canonical\" href=\"https:\/\/repak.it\/prodotto\/supercube-r\/\" \/>\n<meta property=\"og:locale\" content=\"en_US\" \/>\n<meta property=\"og:type\" content=\"article\" \/>\n<meta property=\"og:title\" content=\"SuperCube - REPAK\" \/>\n<meta property=\"og:description\" content=\"SuperCube\u00ae \u00e8 un contenitore quadrato o rettangolare che ti d\u00e0 un doppio vantaggio: efficienza dello spazio e differenziazione del prodotto. &nbsp;  Caratteristiche tecniche:   Ottimizzazione dello spazio  Ampia gamma di prodotti di varie dimensioni  Facile da aprire con il coperchio \u201cpeel-off\u201d  Sigillo di garanzia  Impugnatura diagonale per facilitare lo svuotamento  Coperchio \u201c Flake Free\u201d solo per alcuni volumi specifici  Buona visibilit\u00e0 sugli scaffali  Decorazione \u201cMetallic Look\u201d disponibile  &nbsp;  Scarica brochure Versioni disponibili\" \/>\n<meta property=\"og:url\" content=\"https:\/\/repak.it\/prodotto\/supercube-r\/\" \/>\n<meta property=\"og:site_name\" content=\"REPAK\" \/>\n<meta property=\"article:publisher\" content=\"https:\/\/www.facebook.com\/repaksrl\/\" \/>\n<meta property=\"article:modified_time\" content=\"2025-07-22T12:18:50+00:00\" \/>\n<meta property=\"og:image\" content=\"https:\/\/repak.it\/wp-content\/uploads\/supercube-rettangolare.webp\" \/>\n\t<meta property=\"og:image:width\" content=\"1500\" \/>\n\t<meta property=\"og:image:height\" content=\"1500\" \/>\n\t<meta property=\"og:image:type\" content=\"image\/webp\" \/>\n<meta name=\"twitter:card\" content=\"summary_large_image\" \/>\n<meta name=\"twitter:label1\" content=\"Est. reading time\" \/>\n\t<meta name=\"twitter:data1\" content=\"3 minutes\" \/>\n<script type=\"application\/ld+json\" class=\"yoast-schema-graph\">{\"@context\":\"https:\/\/schema.org\",\"@graph\":[{\"@type\":\"WebPage\",\"@id\":\"https:\/\/repak.it\/prodotto\/supercube-r\/\",\"url\":\"https:\/\/repak.it\/prodotto\/supercube-r\/\",\"name\":\"SuperCube - REPAK\",\"isPartOf\":{\"@id\":\"https:\/\/repak.it\/#website\"},\"primaryImageOfPage\":{\"@id\":\"https:\/\/repak.it\/prodotto\/supercube-r\/#primaryimage\"},\"image\":{\"@id\":\"https:\/\/repak.it\/prodotto\/supercube-r\/#primaryimage\"},\"thumbnailUrl\":\"https:\/\/repak.it\/wp-content\/uploads\/supercube-rettangolare.webp\",\"datePublished\":\"2024-02-26T12:52:13+00:00\",\"dateModified\":\"2025-07-22T12:18:50+00:00\",\"breadcrumb\":{\"@id\":\"https:\/\/repak.it\/prodotto\/supercube-r\/#breadcrumb\"},\"inLanguage\":\"en-US\",\"potentialAction\":[{\"@type\":\"ReadAction\",\"target\":[\"https:\/\/repak.it\/prodotto\/supercube-r\/\"]}]},{\"@type\":\"ImageObject\",\"inLanguage\":\"en-US\",\"@id\":\"https:\/\/repak.it\/prodotto\/supercube-r\/#primaryimage\",\"url\":\"https:\/\/repak.it\/wp-content\/uploads\/supercube-rettangolare.webp\",\"contentUrl\":\"https:\/\/repak.it\/wp-content\/uploads\/supercube-rettangolare.webp\",\"width\":1500,\"height\":1500},{\"@type\":\"BreadcrumbList\",\"@id\":\"https:\/\/repak.it\/prodotto\/supercube-r\/#breadcrumb\",\"itemListElement\":[{\"@type\":\"ListItem\",\"position\":1,\"name\":\"Home\",\"item\":\"https:\/\/repak.it\/\"},{\"@type\":\"ListItem\",\"position\":2,\"name\":\"Shop\",\"item\":\"https:\/\/repak.it\/prodotti\/\"},{\"@type\":\"ListItem\",\"position\":3,\"name\":\"SuperCube\"}]},{\"@type\":\"WebSite\",\"@id\":\"https:\/\/repak.it\/#website\",\"url\":\"https:\/\/repak.it\/\",\"name\":\"REPAK\",\"description\":\"The Right Packaging\",\"publisher\":{\"@id\":\"https:\/\/repak.it\/#organization\"},\"potentialAction\":[{\"@type\":\"SearchAction\",\"target\":{\"@type\":\"EntryPoint\",\"urlTemplate\":\"https:\/\/repak.it\/?s={search_term_string}\"},\"query-input\":{\"@type\":\"PropertyValueSpecification\",\"valueRequired\":true,\"valueName\":\"search_term_string\"}}],\"inLanguage\":\"en-US\"},{\"@type\":\"Organization\",\"@id\":\"https:\/\/repak.it\/#organization\",\"name\":\"Repak S.r.l.\",\"alternateName\":\"Repak\",\"url\":\"https:\/\/repak.it\/\",\"logo\":{\"@type\":\"ImageObject\",\"inLanguage\":\"en-US\",\"@id\":\"https:\/\/repak.it\/#\/schema\/logo\/image\/\",\"url\":\"https:\/\/repak.it\/wp-content\/uploads\/2024\/02\/Repak_Logo.webp\",\"contentUrl\":\"https:\/\/repak.it\/wp-content\/uploads\/2024\/02\/Repak_Logo.webp\",\"width\":452,\"height\":208,\"caption\":\"Repak S.r.l.\"},\"image\":{\"@id\":\"https:\/\/repak.it\/#\/schema\/logo\/image\/\"},\"sameAs\":[\"https:\/\/www.facebook.com\/repaksrl\/\"]}]}<\/script>\n<!-- \/ Yoast SEO plugin. -->","yoast_head_json":{"title":"SuperCube - REPAK","robots":{"index":"index","follow":"follow","max-snippet":"max-snippet:-1","max-image-preview":"max-image-preview:large","max-video-preview":"max-video-preview:-1"},"canonical":"https:\/\/repak.it\/prodotto\/supercube-r\/","og_locale":"en_US","og_type":"article","og_title":"SuperCube - REPAK","og_description":"SuperCube\u00ae \u00e8 un contenitore quadrato o rettangolare che ti d\u00e0 un doppio vantaggio: efficienza dello spazio e differenziazione del prodotto. &nbsp;  Caratteristiche tecniche:   Ottimizzazione dello spazio  Ampia gamma di prodotti di varie dimensioni  Facile da aprire con il coperchio \u201cpeel-off\u201d  Sigillo di garanzia  Impugnatura diagonale per facilitare lo svuotamento  Coperchio \u201c Flake Free\u201d solo per alcuni volumi specifici  Buona visibilit\u00e0 sugli scaffali  Decorazione \u201cMetallic Look\u201d disponibile  &nbsp;  Scarica brochure Versioni disponibili","og_url":"https:\/\/repak.it\/prodotto\/supercube-r\/","og_site_name":"REPAK","article_publisher":"https:\/\/www.facebook.com\/repaksrl\/","article_modified_time":"2025-07-22T12:18:50+00:00","og_image":[{"width":1500,"height":1500,"url":"https:\/\/repak.it\/wp-content\/uploads\/supercube-rettangolare.webp","type":"image\/webp"}],"twitter_card":"summary_large_image","twitter_misc":{"Est. reading time":"3 minutes"},"schema":{"@context":"https:\/\/schema.org","@graph":[{"@type":"WebPage","@id":"https:\/\/repak.it\/prodotto\/supercube-r\/","url":"https:\/\/repak.it\/prodotto\/supercube-r\/","name":"SuperCube - REPAK","isPartOf":{"@id":"https:\/\/repak.it\/#website"},"primaryImageOfPage":{"@id":"https:\/\/repak.it\/prodotto\/supercube-r\/#primaryimage"},"image":{"@id":"https:\/\/repak.it\/prodotto\/supercube-r\/#primaryimage"},"thumbnailUrl":"https:\/\/repak.it\/wp-content\/uploads\/supercube-rettangolare.webp","datePublished":"2024-02-26T12:52:13+00:00","dateModified":"2025-07-22T12:18:50+00:00","breadcrumb":{"@id":"https:\/\/repak.it\/prodotto\/supercube-r\/#breadcrumb"},"inLanguage":"en-US","potentialAction":[{"@type":"ReadAction","target":["https:\/\/repak.it\/prodotto\/supercube-r\/"]}]},{"@type":"ImageObject","inLanguage":"en-US","@id":"https:\/\/repak.it\/prodotto\/supercube-r\/#primaryimage","url":"https:\/\/repak.it\/wp-content\/uploads\/supercube-rettangolare.webp","contentUrl":"https:\/\/repak.it\/wp-content\/uploads\/supercube-rettangolare.webp","width":1500,"height":1500},{"@type":"BreadcrumbList","@id":"https:\/\/repak.it\/prodotto\/supercube-r\/#breadcrumb","itemListElement":[{"@type":"ListItem","position":1,"name":"Home","item":"https:\/\/repak.it\/"},{"@type":"ListItem","position":2,"name":"Shop","item":"https:\/\/repak.it\/prodotti\/"},{"@type":"ListItem","position":3,"name":"SuperCube"}]},{"@type":"WebSite","@id":"https:\/\/repak.it\/#website","url":"https:\/\/repak.it\/","name":"REPAK","description":"The Right Packaging","publisher":{"@id":"https:\/\/repak.it\/#organization"},"potentialAction":[{"@type":"SearchAction","target":{"@type":"EntryPoint","urlTemplate":"https:\/\/repak.it\/?s={search_term_string}"},"query-input":{"@type":"PropertyValueSpecification","valueRequired":true,"valueName":"search_term_string"}}],"inLanguage":"en-US"},{"@type":"Organization","@id":"https:\/\/repak.it\/#organization","name":"Repak S.r.l.","alternateName":"Repak","url":"https:\/\/repak.it\/","logo":{"@type":"ImageObject","inLanguage":"en-US","@id":"https:\/\/repak.it\/#\/schema\/logo\/image\/","url":"https:\/\/repak.it\/wp-content\/uploads\/2024\/02\/Repak_Logo.webp","contentUrl":"https:\/\/repak.it\/wp-content\/uploads\/2024\/02\/Repak_Logo.webp","width":452,"height":208,"caption":"Repak S.r.l."},"image":{"@id":"https:\/\/repak.it\/#\/schema\/logo\/image\/"},"sameAs":["https:\/\/www.facebook.com\/repaksrl\/"]}]}},"jetpack_sharing_enabled":true,"_links":{"self":[{"href":"https:\/\/repak.it\/en\/wp-json\/wp\/v2\/product\/988253","targetHints":{"allow":["GET"]}}],"collection":[{"href":"https:\/\/repak.it\/en\/wp-json\/wp\/v2\/product"}],"about":[{"href":"https:\/\/repak.it\/en\/wp-json\/wp\/v2\/types\/product"}],"wp:featuredmedia":[{"embeddable":true,"href":"https:\/\/repak.it\/en\/wp-json\/wp\/v2\/media\/988371"}],"wp:attachment":[{"href":"https:\/\/repak.it\/en\/wp-json\/wp\/v2\/media?parent=988253"}],"wp:term":[{"taxonomy":"product_brand","embeddable":true,"href":"https:\/\/repak.it\/en\/wp-json\/wp\/v2\/product_brand?post=988253"},{"taxonomy":"product_cat","embeddable":true,"href":"https:\/\/repak.it\/en\/wp-json\/wp\/v2\/product_cat?post=988253"},{"taxonomy":"product_tag","embeddable":true,"href":"https:\/\/repak.it\/en\/wp-json\/wp\/v2\/product_tag?post=988253"}],"curies":[{"name":"wp","href":"https:\/\/api.w.org\/{rel}","templated":true}]}}